{"id":1493,"date":"2019-02-14T12:40:46","date_gmt":"2019-02-14T12:40:46","guid":{"rendered":"https:\/\/website-staging.bigbrother.nl\/voorbeeld-pagina\/"},"modified":"2023-06-21T06:49:54","modified_gmt":"2023-06-21T06:49:54","slug":"voorbeeld-pagina","status":"publish","type":"page","link":"https:\/\/www.bigbrother.nl\/fr\/","title":{"rendered":"Home"},"content":{"rendered":"\r\n<p>Dit is een voorbeeldpagina. Het is anders dan een blog bericht omdat het op \u00e9\u00e9n plek blijft en tevoorschijn komt in je site navigatie (in de meeste thema&#8217;s). De meeste mensen starten met een Over pagina dat hen voorstelt aan potenti\u00eble site bezoekers. Het zou iets als dit kunnen zeggen:<\/p>\r\n\r\n\r\n\r\n<blockquote class=\"wp-block-quote is-layout-flow wp-block-quote-is-layout-flow\">\r\n<p>Hoi daar! Ik ben een fietskoerier in het dagelijks leven en een beginnende acteur in de avonduren. Ik leef in Los Angeles, heb een leuke hond genaamd Jack en ik hou van pi\u00f1a coladas. (En overvallen worden door de regen.)<\/p>\r\n<\/blockquote>\r\n\r\n\r\n\r\n<p>&#8230;of zoiets als dit:<\/p>\r\n\r\n\r\n\r\n<blockquote class=\"wp-block-quote is-layout-flow wp-block-quote-is-layout-flow\">\r\n<p>De XYZ Doohickey Company is opgericht in 1971 en heeft sindsdien kwalitatieve doohickeys aan het publiek geleverd. Gevestigd in Gotham City, XYZ heeft meer dan 2000 mensen in dienst en doen allemaal fantastische dingen voor de community in Gotham.<\/p>\r\n<\/blockquote>\r\n\r\n\r\n\r\n<p>Als nieuwe WordPress gebruiker kan je naar <a href=\"http:https:\/\/www.bigbrother.nl\/wp\/wp-admin\/\">je dashboard<\/a> gaan om deze pagina te verwijderen en nieuwe pagina&#8217;s toe te voegen voor je inhoud. Veel plezier!<\/p>\r\n","protected":false},"excerpt":{"rendered":"<p>Dit is een voorbeeldpagina. Het is anders dan een blog bericht omdat het op \u00e9\u00e9n plek blijft en tevoorschijn komt &hellip;<\/p>\n","protected":false},"author":6,"featured_media":0,"parent":0,"menu_order":0,"comment_status":"closed","ping_status":"open","template":"templates\/home.php","meta":{"_acf_changed":false,"footnotes":""},"class_list":["post-1493","page","type-page","status-publish","hentry"],"acf":[],"yoast_head":"<!-- This site is optimized with the Yoast SEO plugin v27.2 - https:\/\/yoast.com\/product\/yoast-seo-wordpress\/ -->\n<title>S\u00e9curit\u00e9 de pointe pour les d\u00e9taillants - BigBrother<\/title>\n<meta name=\"description\" content=\"Nous travaillons \u00e0 la crois\u00e9e de la s\u00e9curit\u00e9 de pointe, des donn\u00e9es intelligentes et de la performance des processus.\" \/>\n<meta name=\"robots\" content=\"index, follow, max-snippet:-1, max-image-preview:large, max-video-preview:-1\" \/>\n<link rel=\"canonical\" href=\"https:\/\/www.bigbrother.nl\/fr\/\" \/>\n<meta property=\"og:locale\" content=\"fr_FR\" \/>\n<meta property=\"og:type\" content=\"article\" \/>\n<meta property=\"og:title\" content=\"S\u00e9curit\u00e9 de pointe pour les d\u00e9taillants - BigBrother\" \/>\n<meta property=\"og:description\" content=\"Nous travaillons \u00e0 la crois\u00e9e de la s\u00e9curit\u00e9 de pointe, des donn\u00e9es intelligentes et de la performance des processus.\" \/>\n<meta property=\"og:url\" content=\"https:\/\/www.bigbrother.nl\/fr\/\" \/>\n<meta property=\"og:site_name\" content=\"BigBrother\" \/>\n<meta property=\"article:modified_time\" content=\"2023-06-21T06:49:54+00:00\" \/>\n<meta name=\"twitter:card\" content=\"summary_large_image\" \/>\n<meta name=\"twitter:label1\" content=\"Est. reading time\" \/>\n\t<meta name=\"twitter:data1\" content=\"1 minute\" \/>\n<script type=\"application\/ld+json\" class=\"yoast-schema-graph\">{\"@context\":\"https:\/\/schema.org\",\"@graph\":[{\"@type\":\"WebPage\",\"@id\":\"https:\/\/www.bigbrother.nl\/fr\/\",\"url\":\"https:\/\/www.bigbrother.nl\/fr\/\",\"name\":\"S\u00e9curit\u00e9 de pointe pour les d\u00e9taillants - BigBrother\",\"isPartOf\":{\"@id\":\"https:\/\/www.bigbrother.nl\/en\/#website\"},\"datePublished\":\"2019-02-14T12:40:46+00:00\",\"dateModified\":\"2023-06-21T06:49:54+00:00\",\"description\":\"Nous travaillons \u00e0 la crois\u00e9e de la s\u00e9curit\u00e9 de pointe, des donn\u00e9es intelligentes et de la performance des processus.\",\"breadcrumb\":{\"@id\":\"https:\/\/www.bigbrother.nl\/fr\/#breadcrumb\"},\"inLanguage\":\"fr-FR\",\"potentialAction\":[{\"@type\":\"ReadAction\",\"target\":[\"https:\/\/www.bigbrother.nl\/fr\/\"]}]},{\"@type\":\"BreadcrumbList\",\"@id\":\"https:\/\/www.bigbrother.nl\/fr\/#breadcrumb\",\"itemListElement\":[{\"@type\":\"ListItem\",\"position\":1,\"name\":\"Home\",\"item\":\"https:\/\/www.bigbrother.nl\/fr\/\"},{\"@type\":\"ListItem\",\"position\":2,\"name\":\"Home\"}]},{\"@type\":\"WebSite\",\"@id\":\"https:\/\/www.bigbrother.nl\/en\/#website\",\"url\":\"https:\/\/www.bigbrother.nl\/en\/\",\"name\":\"BigBrother\",\"description\":\"An innovation company\",\"potentialAction\":[{\"@type\":\"SearchAction\",\"target\":{\"@type\":\"EntryPoint\",\"urlTemplate\":\"https:\/\/www.bigbrother.nl\/en\/?s={search_term_string}\"},\"query-input\":{\"@type\":\"PropertyValueSpecification\",\"valueRequired\":true,\"valueName\":\"search_term_string\"}}],\"inLanguage\":\"fr-FR\"}]}<\/script>\n<!-- \/ Yoast SEO plugin. -->","yoast_head_json":{"title":"S\u00e9curit\u00e9 de pointe pour les d\u00e9taillants - BigBrother","description":"Nous travaillons \u00e0 la crois\u00e9e de la s\u00e9curit\u00e9 de pointe, des donn\u00e9es intelligentes et de la performance des processus.","robots":{"index":"index","follow":"follow","max-snippet":"max-snippet:-1","max-image-preview":"max-image-preview:large","max-video-preview":"max-video-preview:-1"},"canonical":"https:\/\/www.bigbrother.nl\/fr\/","og_locale":"fr_FR","og_type":"article","og_title":"S\u00e9curit\u00e9 de pointe pour les d\u00e9taillants - BigBrother","og_description":"Nous travaillons \u00e0 la crois\u00e9e de la s\u00e9curit\u00e9 de pointe, des donn\u00e9es intelligentes et de la performance des processus.","og_url":"https:\/\/www.bigbrother.nl\/fr\/","og_site_name":"BigBrother","article_modified_time":"2023-06-21T06:49:54+00:00","twitter_card":"summary_large_image","twitter_misc":{"Est. reading time":"1 minute"},"schema":{"@context":"https:\/\/schema.org","@graph":[{"@type":"WebPage","@id":"https:\/\/www.bigbrother.nl\/fr\/","url":"https:\/\/www.bigbrother.nl\/fr\/","name":"S\u00e9curit\u00e9 de pointe pour les d\u00e9taillants - BigBrother","isPartOf":{"@id":"https:\/\/www.bigbrother.nl\/en\/#website"},"datePublished":"2019-02-14T12:40:46+00:00","dateModified":"2023-06-21T06:49:54+00:00","description":"Nous travaillons \u00e0 la crois\u00e9e de la s\u00e9curit\u00e9 de pointe, des donn\u00e9es intelligentes et de la performance des processus.","breadcrumb":{"@id":"https:\/\/www.bigbrother.nl\/fr\/#breadcrumb"},"inLanguage":"fr-FR","potentialAction":[{"@type":"ReadAction","target":["https:\/\/www.bigbrother.nl\/fr\/"]}]},{"@type":"BreadcrumbList","@id":"https:\/\/www.bigbrother.nl\/fr\/#breadcrumb","itemListElement":[{"@type":"ListItem","position":1,"name":"Home","item":"https:\/\/www.bigbrother.nl\/fr\/"},{"@type":"ListItem","position":2,"name":"Home"}]},{"@type":"WebSite","@id":"https:\/\/www.bigbrother.nl\/en\/#website","url":"https:\/\/www.bigbrother.nl\/en\/","name":"BigBrother","description":"An innovation company","potentialAction":[{"@type":"SearchAction","target":{"@type":"EntryPoint","urlTemplate":"https:\/\/www.bigbrother.nl\/en\/?s={search_term_string}"},"query-input":{"@type":"PropertyValueSpecification","valueRequired":true,"valueName":"search_term_string"}}],"inLanguage":"fr-FR"}]}},"_links":{"self":[{"href":"https:\/\/www.bigbrother.nl\/fr\/wp-json\/wp\/v2\/pages\/1493","targetHints":{"allow":["GET"]}}],"collection":[{"href":"https:\/\/www.bigbrother.nl\/fr\/wp-json\/wp\/v2\/pages"}],"about":[{"href":"https:\/\/www.bigbrother.nl\/fr\/wp-json\/wp\/v2\/types\/page"}],"author":[{"embeddable":true,"href":"https:\/\/www.bigbrother.nl\/fr\/wp-json\/wp\/v2\/users\/6"}],"replies":[{"embeddable":true,"href":"https:\/\/www.bigbrother.nl\/fr\/wp-json\/wp\/v2\/comments?post=1493"}],"version-history":[{"count":5,"href":"https:\/\/www.bigbrother.nl\/fr\/wp-json\/wp\/v2\/pages\/1493\/revisions"}],"predecessor-version":[{"id":2783,"href":"https:\/\/www.bigbrother.nl\/fr\/wp-json\/wp\/v2\/pages\/1493\/revisions\/2783"}],"wp:attachment":[{"href":"https:\/\/www.bigbrother.nl\/fr\/wp-json\/wp\/v2\/media?parent=1493"}],"curies":[{"name":"wp","href":"https:\/\/api.w.org\/{rel}","templated":true}]}}