{"id":1534,"date":"2019-02-22T11:56:20","date_gmt":"2019-02-22T11:56:20","guid":{"rendered":"https:\/\/website-staging.bigbrother.nl\/innovatie\/"},"modified":"2023-06-21T06:51:22","modified_gmt":"2023-06-21T06:51:22","slug":"innovation","status":"publish","type":"page","link":"https:\/\/www.bigbrother.nl\/fr\/innovation\/","title":{"rendered":"Innovation"},"content":{"rendered":"","protected":false},"excerpt":{"rendered":"","protected":false},"author":6,"featured_media":0,"parent":0,"menu_order":0,"comment_status":"closed","ping_status":"closed","template":"templates\/innovation.php","meta":{"_acf_changed":false,"footnotes":""},"class_list":["post-1534","page","type-page","status-publish","hentry"],"acf":[],"yoast_head":"<!-- This site is optimized with the Yoast SEO plugin v27.2 - https:\/\/yoast.com\/product\/yoast-seo-wordpress\/ -->\n<title>Innovation pour anticiper le futur - BigBrother<\/title>\n<meta name=\"description\" content=\"Plus que la s\u00e9curit\u00e9. BigBrother dote les images vid\u00e9o et les donn\u00e9es de l&#039;intelligence, afin de les fournir des informations utilisables.\" \/>\n<meta name=\"robots\" content=\"index, follow, max-snippet:-1, max-image-preview:large, max-video-preview:-1\" \/>\n<link rel=\"canonical\" href=\"https:\/\/www.bigbrother.nl\/fr\/innovation\/\" \/>\n<meta property=\"og:locale\" content=\"fr_FR\" \/>\n<meta property=\"og:type\" content=\"article\" \/>\n<meta property=\"og:title\" content=\"Innovation pour anticiper le futur - BigBrother\" \/>\n<meta property=\"og:description\" content=\"Plus que la s\u00e9curit\u00e9. BigBrother dote les images vid\u00e9o et les donn\u00e9es de l&#039;intelligence, afin de les fournir des informations utilisables.\" \/>\n<meta property=\"og:url\" content=\"https:\/\/www.bigbrother.nl\/fr\/innovation\/\" \/>\n<meta property=\"og:site_name\" content=\"BigBrother\" \/>\n<meta property=\"article:modified_time\" content=\"2023-06-21T06:51:22+00:00\" \/>\n<meta name=\"twitter:card\" content=\"summary_large_image\" \/>\n<script type=\"application\/ld+json\" class=\"yoast-schema-graph\">{\"@context\":\"https:\/\/schema.org\",\"@graph\":[{\"@type\":\"WebPage\",\"@id\":\"https:\/\/www.bigbrother.nl\/fr\/innovation\/\",\"url\":\"https:\/\/www.bigbrother.nl\/fr\/innovation\/\",\"name\":\"Innovation pour anticiper le futur - BigBrother\",\"isPartOf\":{\"@id\":\"https:\/\/www.bigbrother.nl\/en\/#website\"},\"datePublished\":\"2019-02-22T11:56:20+00:00\",\"dateModified\":\"2023-06-21T06:51:22+00:00\",\"description\":\"Plus que la s\u00e9curit\u00e9. BigBrother dote les images vid\u00e9o et les donn\u00e9es de l'intelligence, afin de les fournir des informations utilisables.\",\"breadcrumb\":{\"@id\":\"https:\/\/www.bigbrother.nl\/fr\/innovation\/#breadcrumb\"},\"inLanguage\":\"fr-FR\",\"potentialAction\":[{\"@type\":\"ReadAction\",\"target\":[\"https:\/\/www.bigbrother.nl\/fr\/innovation\/\"]}]},{\"@type\":\"BreadcrumbList\",\"@id\":\"https:\/\/www.bigbrother.nl\/fr\/innovation\/#breadcrumb\",\"itemListElement\":[{\"@type\":\"ListItem\",\"position\":1,\"name\":\"Home\",\"item\":\"https:\/\/www.bigbrother.nl\/fr\/\"},{\"@type\":\"ListItem\",\"position\":2,\"name\":\"Innovation\"}]},{\"@type\":\"WebSite\",\"@id\":\"https:\/\/www.bigbrother.nl\/en\/#website\",\"url\":\"https:\/\/www.bigbrother.nl\/en\/\",\"name\":\"BigBrother\",\"description\":\"An innovation company\",\"potentialAction\":[{\"@type\":\"SearchAction\",\"target\":{\"@type\":\"EntryPoint\",\"urlTemplate\":\"https:\/\/www.bigbrother.nl\/en\/?s={search_term_string}\"},\"query-input\":{\"@type\":\"PropertyValueSpecification\",\"valueRequired\":true,\"valueName\":\"search_term_string\"}}],\"inLanguage\":\"fr-FR\"}]}<\/script>\n<!-- \/ Yoast SEO plugin. -->","yoast_head_json":{"title":"Innovation pour anticiper le futur - BigBrother","description":"Plus que la s\u00e9curit\u00e9. BigBrother dote les images vid\u00e9o et les donn\u00e9es de l'intelligence, afin de les fournir des informations utilisables.","robots":{"index":"index","follow":"follow","max-snippet":"max-snippet:-1","max-image-preview":"max-image-preview:large","max-video-preview":"max-video-preview:-1"},"canonical":"https:\/\/www.bigbrother.nl\/fr\/innovation\/","og_locale":"fr_FR","og_type":"article","og_title":"Innovation pour anticiper le futur - BigBrother","og_description":"Plus que la s\u00e9curit\u00e9. BigBrother dote les images vid\u00e9o et les donn\u00e9es de l'intelligence, afin de les fournir des informations utilisables.","og_url":"https:\/\/www.bigbrother.nl\/fr\/innovation\/","og_site_name":"BigBrother","article_modified_time":"2023-06-21T06:51:22+00:00","twitter_card":"summary_large_image","schema":{"@context":"https:\/\/schema.org","@graph":[{"@type":"WebPage","@id":"https:\/\/www.bigbrother.nl\/fr\/innovation\/","url":"https:\/\/www.bigbrother.nl\/fr\/innovation\/","name":"Innovation pour anticiper le futur - BigBrother","isPartOf":{"@id":"https:\/\/www.bigbrother.nl\/en\/#website"},"datePublished":"2019-02-22T11:56:20+00:00","dateModified":"2023-06-21T06:51:22+00:00","description":"Plus que la s\u00e9curit\u00e9. BigBrother dote les images vid\u00e9o et les donn\u00e9es de l'intelligence, afin de les fournir des informations utilisables.","breadcrumb":{"@id":"https:\/\/www.bigbrother.nl\/fr\/innovation\/#breadcrumb"},"inLanguage":"fr-FR","potentialAction":[{"@type":"ReadAction","target":["https:\/\/www.bigbrother.nl\/fr\/innovation\/"]}]},{"@type":"BreadcrumbList","@id":"https:\/\/www.bigbrother.nl\/fr\/innovation\/#breadcrumb","itemListElement":[{"@type":"ListItem","position":1,"name":"Home","item":"https:\/\/www.bigbrother.nl\/fr\/"},{"@type":"ListItem","position":2,"name":"Innovation"}]},{"@type":"WebSite","@id":"https:\/\/www.bigbrother.nl\/en\/#website","url":"https:\/\/www.bigbrother.nl\/en\/","name":"BigBrother","description":"An innovation company","potentialAction":[{"@type":"SearchAction","target":{"@type":"EntryPoint","urlTemplate":"https:\/\/www.bigbrother.nl\/en\/?s={search_term_string}"},"query-input":{"@type":"PropertyValueSpecification","valueRequired":true,"valueName":"search_term_string"}}],"inLanguage":"fr-FR"}]}},"_links":{"self":[{"href":"https:\/\/www.bigbrother.nl\/fr\/wp-json\/wp\/v2\/pages\/1534","targetHints":{"allow":["GET"]}}],"collection":[{"href":"https:\/\/www.bigbrother.nl\/fr\/wp-json\/wp\/v2\/pages"}],"about":[{"href":"https:\/\/www.bigbrother.nl\/fr\/wp-json\/wp\/v2\/types\/page"}],"author":[{"embeddable":true,"href":"https:\/\/www.bigbrother.nl\/fr\/wp-json\/wp\/v2\/users\/6"}],"replies":[{"embeddable":true,"href":"https:\/\/www.bigbrother.nl\/fr\/wp-json\/wp\/v2\/comments?post=1534"}],"version-history":[{"count":5,"href":"https:\/\/www.bigbrother.nl\/fr\/wp-json\/wp\/v2\/pages\/1534\/revisions"}],"predecessor-version":[{"id":2786,"href":"https:\/\/www.bigbrother.nl\/fr\/wp-json\/wp\/v2\/pages\/1534\/revisions\/2786"}],"wp:attachment":[{"href":"https:\/\/www.bigbrother.nl\/fr\/wp-json\/wp\/v2\/media?parent=1534"}],"curies":[{"name":"wp","href":"https:\/\/api.w.org\/{rel}","templated":true}]}}